{"id":82,"date":"2026-05-11T13:10:59","date_gmt":"2026-05-11T11:10:59","guid":{"rendered":"https:\/\/jugend.fau.org\/?page_id=82"},"modified":"2026-05-11T13:38:03","modified_gmt":"2026-05-11T11:38:03","slug":"ueber-uns","status":"publish","type":"page","link":"https:\/\/jugend.fau.org\/?page_id=82","title":{"rendered":"\u00dcber uns"},"content":{"rendered":"\n<h2 class=\"wp-block-heading\">Wer sind wir?<\/h2>\n\n\n\n<p>Wir sind die Freie Arbeiter<em>innen Jugend (FAJ), eine neue Gewerkschaft f\u00fcr Sch\u00fcler<\/em>innen, Auszubildende, Studieren- de und Freiwilligendienstleistende.<br>Als Gewerkschaft setzen wir gemeinsam und solidarisch unsere wirtschaftlichen, kulturellen und gesellschaftlichen Inte- ressen durch. WIr versuchen also, unsere Lern- und Lebensbedingungen zu ver- bessern.<br>Unser bevorzugtes Mittel dabei ist die direkte Aktion, wir packen selbst an, statt darauf zu warten, dass Chefs oder Politik schon irgendwas tun werden.<br>Wir sind Teil der Gewerkschaftsf\u00f6deration \u201cFreie Arbeiter*innen Union\u201d (FAU).<\/p>\n\n\n\n<p>Wir organisieren uns basisdemokratisch, das bedeutet, wir haben keine bezahlten Funktion\u00e4re und Entscheidungen werden von den Mitgliedern selbst getroffen.<\/p>\n\n\n\n<h2 class=\"wp-block-heading\">Was wollen wir?<\/h2>\n\n\n\n<p>Die FAJ tritt langfristig f\u00fcr eine Wirtschafts- und Gesellschaftsordnung ein, die auf Solidarit\u00e4t und Selbstver- waltung basiert und in der alle ein gutes Leben f\u00fchren k\u00f6nnen.<br>Wir wollen Fortschritt, hin zu einer Gesellschaft die freier, demokratischer und gerechter ist als die jetzige.<br>Daher stellen wir uns gegen das aktuelle Wirtschaftssystem, den Kapitalismus, welcher auf unendlichem Wachstum und der damit verbunden Ausbeutung und Unterdr\u00fcckung von Mensch und Natur basiert.<br>Als Gewerkschaft lehnen wir politische<br>Reformen nicht grundlegend ab, arbeiten allerdings auf einen grundlegenden, syste- matischen Wandel hin.<\/p>\n\n\n\n<h2 class=\"wp-block-heading\">F\u00fcr wen?<\/h2>\n\n\n\n<p>Wir sind die Organisation f\u00fcr alle Jugend- lichen, die gesellschaftliche Ver\u00e4nderung wollen.<br>Als FAJ organisieren wir diejenigen, die sich im Prozess ihrer (Erst-)Ausbildung befinden.<br>Konkret meinen wir damit:<\/p>\n\n\n\n<ul class=\"wp-block-list\">\n<li>Sch\u00fcler*innen<\/li>\n\n\n\n<li>Auszubildende<\/li>\n\n\n\n<li>Studierende<\/li>\n\n\n\n<li>Freiwilligendienstleistende<\/li>\n<\/ul>\n\n\n\n<h2 class=\"wp-block-heading\">Was kann ich tun?<\/h2>\n\n\n\n<p>Aktiv werden!<br>Werde FAJ Mitglied und helfe dir und deinen Mitsch\u00fcler<em>innen, Kolleg<\/em>innen, Kommiliton<em>innen und Freund<\/em>innen zu- sammen eure Rechte und Forderungen durchzusetzen!<br>Egal ob aktiv oder passiv, schlie\u00df dich deiner lokalen FAJ an und bringe dich nach deinen jeweiligen Kapazit\u00e4ten und Interessen ein.<br>In vielen Orten befinden sich aktuell FAJ-Gewerkschaften im Aufbau, also mach mit und kontaktiere uns oder wende dich an dein lokales FAU- Syndikat.<\/p>\n","protected":false},"excerpt":{"rendered":"<p>Wer sind wir? Wir sind die Freie Arbeiterinnen Jugend (FAJ), eine neue Gewerkschaft f\u00fcr Sch\u00fclerinnen, Auszubildende, Studieren- de und Freiwilligendienstleistende.Als Gewerkschaft setzen wir gemeinsam und solidarisch unsere wirtschaftlichen, kulturellen und gesellschaftlichen Inte- ressen durch. WIr versuchen also, unsere Lern- und Lebensbedingungen zu ver- bessern.Unser bevorzugtes Mittel dabei ist die direkte Aktion, wir packen selbst an, &hellip; <\/p>\n<p class=\"link-more\"><a href=\"https:\/\/jugend.fau.org\/?page_id=82\" class=\"more-link\"><span class=\"screen-reader-text\">\u201e\u00dcber uns\u201c <\/span>weiterlesen<\/a><\/p>\n","protected":false},"author":3,"featured_media":0,"parent":0,"menu_order":0,"comment_status":"closed","ping_status":"closed","template":"","meta":{"footnotes":""},"class_list":["post-82","page","type-page","status-publish","hentry"],"_links":{"self":[{"href":"https:\/\/jugend.fau.org\/index.php?rest_route=\/wp\/v2\/pages\/82","targetHints":{"allow":["GET"]}}],"collection":[{"href":"https:\/\/jugend.fau.org\/index.php?rest_route=\/wp\/v2\/pages"}],"about":[{"href":"https:\/\/jugend.fau.org\/index.php?rest_route=\/wp\/v2\/types\/page"}],"author":[{"embeddable":true,"href":"https:\/\/jugend.fau.org\/index.php?rest_route=\/wp\/v2\/users\/3"}],"replies":[{"embeddable":true,"href":"https:\/\/jugend.fau.org\/index.php?rest_route=%2Fwp%2Fv2%2Fcomments&post=82"}],"version-history":[{"count":3,"href":"https:\/\/jugend.fau.org\/index.php?rest_route=\/wp\/v2\/pages\/82\/revisions"}],"predecessor-version":[{"id":133,"href":"https:\/\/jugend.fau.org\/index.php?rest_route=\/wp\/v2\/pages\/82\/revisions\/133"}],"wp:attachment":[{"href":"https:\/\/jugend.fau.org\/index.php?rest_route=%2Fwp%2Fv2%2Fmedia&parent=82"}],"curies":[{"name":"wp","href":"https:\/\/api.w.org\/{rel}","templated":true}]}}